{"id":1508,"date":"2023-09-27T09:14:56","date_gmt":"2023-09-27T07:14:56","guid":{"rendered":"https:\/\/hrlab.abako.be\/home\/"},"modified":"2026-01-08T14:53:34","modified_gmt":"2026-01-08T13:53:34","slug":"home","status":"publish","type":"page","link":"https:\/\/hrlab.abako.be\/fr\/","title":{"rendered":"Accueil"},"content":{"rendered":"\t\t<div data-elementor-type=\"wp-page\" data-elementor-id=\"1508\" class=\"elementor elementor-1508 elementor-1187\" data-elementor-post-type=\"page\">\n\t\t\t\t<div class=\"elementor-element elementor-element-d488f3f e-flex e-con-boxed e-con e-parent\" data-id=\"d488f3f\" data-element_type=\"container\">\n\t\t\t\t\t<div class=\"e-con-inner\">\n\t\t\t\t<div class=\"elementor-element elementor-element-25f411e elementor-widget elementor-widget-image\" data-id=\"25f411e\" data-element_type=\"widget\" data-widget_type=\"image.default\">\n\t\t\t\t<div class=\"elementor-widget-container\">\n\t\t\t\t\t\t\t\t\t\t\t\t\t\t\t<img fetchpriority=\"high\" decoding=\"async\" width=\"1024\" height=\"729\" src=\"https:\/\/hrlab.abako.be\/wp-content\/uploads\/2023\/09\/logo_hrlab_new-1024x729.png\" class=\"attachment-large size-large wp-image-1246\" alt=\"HR Lab logo\" srcset=\"https:\/\/hrlab.abako.be\/wp-content\/uploads\/2023\/09\/logo_hrlab_new-1024x729.png 1024w, https:\/\/hrlab.abako.be\/wp-content\/uploads\/2023\/09\/logo_hrlab_new-300x214.png 300w, https:\/\/hrlab.abako.be\/wp-content\/uploads\/2023\/09\/logo_hrlab_new-768x547.png 768w, https:\/\/hrlab.abako.be\/wp-content\/uploads\/2023\/09\/logo_hrlab_new-1536x1094.png 1536w, https:\/\/hrlab.abako.be\/wp-content\/uploads\/2023\/09\/logo_hrlab_new-2048x1458.png 2048w\" sizes=\"(max-width: 1024px) 100vw, 1024px\" \/>\t\t\t\t\t\t\t\t\t\t\t\t\t\t\t<\/div>\n\t\t\t\t<\/div>\n\t\t\t\t<div class=\"elementor-element elementor-element-1427de4 elementor-widget__width-initial elementor-widget elementor-widget-text-editor\" data-id=\"1427de4\" data-element_type=\"widget\" data-widget_type=\"text-editor.default\">\n\t\t\t\t<div class=\"elementor-widget-container\">\n\t\t\t\t\t\t\t\t\t<p>HR Lab est une association sans but lucratif fond\u00e9e en 1980 sous le nom de \u00ab Laboratoire d\u2019Entreprises \u2013 Ondernemingslabo \u00bb.<\/p><p>En 2025, HR Lab f\u00eate ses 45 ans d\u2019existence. Depuis 45 ans, HR Lab est une communaut\u00e9 de professionnels des RH motiv\u00e9s qui ont pour ambition de mettre en \u0153uvre et de maintenir des processus et des pratiques RH de premier ordre dans leurs organisations. <\/p><p>HR Lab est l&rsquo;un des membres fondateurs de . <a href=\"https:\/\/www.hrpro.be\/\" target=\"_blank\" rel=\"noopener\"><img decoding=\"async\" src=\"https:\/\/hrlab.abako.be\/wp-content\/uploads\/2025\/10\/Logo_hrpro___serialized1_small.jpg\" alt=\"\" width=\"89\" height=\"22\" class=\"alignnone wp-image-1820\"><\/a><span style=\"color: inherit;\">Association Belge des Professionnels en Ressources Humaines.<\/span><\/p>\t\t\t\t\t\t\t\t<\/div>\n\t\t\t\t<\/div>\n\t\t\t\t\t<\/div>\n\t\t\t\t<\/div>\n\t\t<div class=\"elementor-element elementor-element-691c22df e-flex e-con-boxed e-con e-parent\" data-id=\"691c22df\" data-element_type=\"container\" data-settings=\"{&quot;background_background&quot;:&quot;classic&quot;}\">\n\t\t\t\t\t<div class=\"e-con-inner\">\n\t\t<div class=\"elementor-element elementor-element-54870f22 e-con-full e-flex e-con e-child\" data-id=\"54870f22\" data-element_type=\"container\">\n\t\t\t\t<div class=\"elementor-element elementor-element-30d4ba31 elementor-widget elementor-widget-heading\" data-id=\"30d4ba31\" data-element_type=\"widget\" data-settings=\"{&quot;_animation&quot;:&quot;none&quot;}\" data-widget_type=\"heading.default\">\n\t\t\t\t<div class=\"elementor-widget-container\">\n\t\t\t\t\t<h2 class=\"elementor-heading-title elementor-size-default\">Notre mission<\/h2>\t\t\t\t<\/div>\n\t\t\t\t<\/div>\n\t\t\t\t<div class=\"elementor-element elementor-element-1b7ff7a5 elementor-widget elementor-widget-text-editor\" data-id=\"1b7ff7a5\" data-element_type=\"widget\" data-widget_type=\"text-editor.default\">\n\t\t\t\t<div class=\"elementor-widget-container\">\n\t\t\t\t\t\t\t\t\t<p>\u00ab Apporter un souffle nouveau aux professionnels des RH en partageant des pratiques et des sujets RH importants pour nos organisations. Les th\u00e8mes abord\u00e9s sont tant\u00f4t strat\u00e9giques, tant\u00f4t pragmatiques, mais toujours d\u2019actualit\u00e9. <\/p><p>Pour ce faire, nous nous appuyons sur l\u2019exp\u00e9rience riche et diversifi\u00e9e de nos membres et sur leur r\u00e9seau, dans un contexte de confiance. \u00bb<\/p>\t\t\t\t\t\t\t\t<\/div>\n\t\t\t\t<\/div>\n\t\t\t\t<\/div>\n\t\t<div class=\"elementor-element elementor-element-47e40178 e-con-full e-flex e-con e-child\" data-id=\"47e40178\" data-element_type=\"container\">\n\t\t\t\t<div class=\"elementor-element elementor-element-54dbd3cb elementor-widget elementor-widget-image\" data-id=\"54dbd3cb\" data-element_type=\"widget\" data-widget_type=\"image.default\">\n\t\t\t\t<div class=\"elementor-widget-container\">\n\t\t\t\t\t\t\t\t\t\t\t\t\t\t\t<img decoding=\"async\" width=\"1024\" height=\"683\" src=\"https:\/\/hrlab.abako.be\/wp-content\/uploads\/2025\/12\/HR-Lab-missie-1024x683.webp\" class=\"attachment-large size-large wp-image-1947\" alt=\"HR Lab missie\" srcset=\"https:\/\/hrlab.abako.be\/wp-content\/uploads\/2025\/12\/HR-Lab-missie-1024x683.webp 1024w, https:\/\/hrlab.abako.be\/wp-content\/uploads\/2025\/12\/HR-Lab-missie-300x200.webp 300w, https:\/\/hrlab.abako.be\/wp-content\/uploads\/2025\/12\/HR-Lab-missie-768x512.webp 768w, https:\/\/hrlab.abako.be\/wp-content\/uploads\/2025\/12\/HR-Lab-missie-1536x1024.webp 1536w, https:\/\/hrlab.abako.be\/wp-content\/uploads\/2025\/12\/HR-Lab-missie-2048x1365.webp 2048w, https:\/\/hrlab.abako.be\/wp-content\/uploads\/2025\/12\/HR-Lab-missie-1013x675.webp 1013w, https:\/\/hrlab.abako.be\/wp-content\/uploads\/2025\/12\/HR-Lab-missie-450x300.webp 450w, https:\/\/hrlab.abako.be\/wp-content\/uploads\/2025\/12\/HR-Lab-missie-500x333.webp 500w, https:\/\/hrlab.abako.be\/wp-content\/uploads\/2025\/12\/HR-Lab-missie-272x182.webp 272w\" sizes=\"(max-width: 1024px) 100vw, 1024px\" \/>\t\t\t\t\t\t\t\t\t\t\t\t\t\t\t<\/div>\n\t\t\t\t<\/div>\n\t\t\t\t<\/div>\n\t\t\t\t\t<\/div>\n\t\t\t\t<\/div>\n\t\t<div class=\"elementor-element elementor-element-3bd8ed3 e-flex e-con-boxed e-con e-parent\" data-id=\"3bd8ed3\" data-element_type=\"container\" data-settings=\"{&quot;background_background&quot;:&quot;classic&quot;}\">\n\t\t\t\t\t<div class=\"e-con-inner\">\n\t\t\t\t<div class=\"elementor-element elementor-element-c15d2a7 elementor-widget__width-initial elementor-widget elementor-widget-text-editor\" data-id=\"c15d2a7\" data-element_type=\"widget\" data-widget_type=\"text-editor.default\">\n\t\t\t\t<div class=\"elementor-widget-container\">\n\t\t\t\t\t\t\t\t\t<p>Entre-temps, HR Lab est devenue une plateforme solide, qui compte environ 50 entreprises affili\u00e9es issues de diff\u00e9rents secteurs. Nous entretenons \u00e9galement des relations privil\u00e9gi\u00e9es avec tous les acteurs et parties prenantes importants du march\u00e9 du travail et du monde de l\u2019emploi, ainsi que du domaine de la gestion des personnes et du changement, hautes \u00e9coles et universit\u00e9s, instances publiques, \u00e9coles de gestion et de commerce, organismes de formation et autres organisations fonctionnant en r\u00e9seau. <\/p><p>HR Lab figure \u00e9galement parmi les membres fondateurs d\u2019HRPro.be, l\u2019association belge des professionnels des ressources humaines.<\/p>\t\t\t\t\t\t\t\t<\/div>\n\t\t\t\t<\/div>\n\t\t\t\t\t<\/div>\n\t\t\t\t<\/div>\n\t\t<div class=\"elementor-element elementor-element-29359c2 e-flex e-con-boxed e-con e-parent\" data-id=\"29359c2\" data-element_type=\"container\" data-settings=\"{&quot;background_background&quot;:&quot;classic&quot;}\">\n\t\t\t\t\t<div class=\"e-con-inner\">\n\t\t<div class=\"elementor-element elementor-element-c3b2f6f e-con-full e-flex e-con e-child\" data-id=\"c3b2f6f\" data-element_type=\"container\">\n\t\t\t\t<div class=\"elementor-element elementor-element-ffb04cc elementor-widget elementor-widget-image\" data-id=\"ffb04cc\" data-element_type=\"widget\" data-widget_type=\"image.default\">\n\t\t\t\t<div class=\"elementor-widget-container\">\n\t\t\t\t\t\t\t\t\t\t\t\t\t\t\t<img loading=\"lazy\" decoding=\"async\" width=\"1024\" height=\"683\" src=\"https:\/\/hrlab.abako.be\/wp-content\/uploads\/2025\/12\/HR-Lab-principes-1024x683.webp\" class=\"attachment-large size-large wp-image-1950\" alt=\"HR Lab principes\" srcset=\"https:\/\/hrlab.abako.be\/wp-content\/uploads\/2025\/12\/HR-Lab-principes-1024x683.webp 1024w, https:\/\/hrlab.abako.be\/wp-content\/uploads\/2025\/12\/HR-Lab-principes-300x200.webp 300w, https:\/\/hrlab.abako.be\/wp-content\/uploads\/2025\/12\/HR-Lab-principes-768x512.webp 768w, https:\/\/hrlab.abako.be\/wp-content\/uploads\/2025\/12\/HR-Lab-principes-1536x1024.webp 1536w, https:\/\/hrlab.abako.be\/wp-content\/uploads\/2025\/12\/HR-Lab-principes-2048x1366.webp 2048w, https:\/\/hrlab.abako.be\/wp-content\/uploads\/2025\/12\/HR-Lab-principes-1012x675.webp 1012w, https:\/\/hrlab.abako.be\/wp-content\/uploads\/2025\/12\/HR-Lab-principes-450x300.webp 450w, https:\/\/hrlab.abako.be\/wp-content\/uploads\/2025\/12\/HR-Lab-principes-500x333.webp 500w, https:\/\/hrlab.abako.be\/wp-content\/uploads\/2025\/12\/HR-Lab-principes-272x182.webp 272w\" sizes=\"(max-width: 1024px) 100vw, 1024px\" \/>\t\t\t\t\t\t\t\t\t\t\t\t\t\t\t<\/div>\n\t\t\t\t<\/div>\n\t\t\t\t<\/div>\n\t\t<div class=\"elementor-element elementor-element-c196396 e-con-full e-flex e-con e-child\" data-id=\"c196396\" data-element_type=\"container\">\n\t\t\t\t<div class=\"elementor-element elementor-element-e59da41 elementor-widget elementor-widget-heading\" data-id=\"e59da41\" data-element_type=\"widget\" data-settings=\"{&quot;_animation&quot;:&quot;none&quot;}\" data-widget_type=\"heading.default\">\n\t\t\t\t<div class=\"elementor-widget-container\">\n\t\t\t\t\t<h2 class=\"elementor-heading-title elementor-size-default\">Nos valeurs<\/h2>\t\t\t\t<\/div>\n\t\t\t\t<\/div>\n\t\t\t\t<div class=\"elementor-element elementor-element-5c5f9af elementor-widget elementor-widget-text-editor\" data-id=\"5c5f9af\" data-element_type=\"widget\" data-widget_type=\"text-editor.default\">\n\t\t\t\t<div class=\"elementor-widget-container\">\n\t\t\t\t\t\t\t\t\t<p>Les entreprises et les responsables RH sont invit\u00e9s \u00e0 devenir membres sur la base des principes suivants :<\/p><ul><li>les entreprises accordent la priorit\u00e9 \u00e0 une gestion professionnelle et innovante des ressources humaines<\/li><li>les responsables RH adh\u00e8rent aux valeurs que sont l\u2019int\u00e9grit\u00e9, le professionnalisme, l\u2019ouverture en interne dans la concertation avec les coll\u00e8gues, et la discr\u00e9tion en externe.<\/li><\/ul><p>Ces principes permettent d\u2019aborder toutes sortes de th\u00e8mes dans un climat de confiance, bas\u00e9 sur le d\u00e9sir de partager et d\u2019apprendre.<\/p>\t\t\t\t\t\t\t\t<\/div>\n\t\t\t\t<\/div>\n\t\t\t\t<\/div>\n\t\t\t\t\t<\/div>\n\t\t\t\t<\/div>\n\t\t\t\t<\/div>\n\t\t","protected":false},"excerpt":{"rendered":"HR Lab est une association sans but lucratif fond\u00e9e en 1980 sous le nom de \u00ab Laboratoire d\u2019Entreprises \u2013 Ondernemingslabo...","protected":false},"author":1,"featured_media":0,"parent":0,"menu_order":0,"comment_status":"closed","ping_status":"closed","template":"","meta":{"_bbp_topic_count":0,"_bbp_reply_count":0,"_bbp_total_topic_count":0,"_bbp_total_reply_count":0,"_bbp_voice_count":0,"_bbp_anonymous_reply_count":0,"_bbp_topic_count_hidden":0,"_bbp_reply_count_hidden":0,"_bbp_forum_subforum_count":0,"footnotes":""},"class_list":["post-1508","page","type-page","status-publish","hentry"],"yoast_head":"<!-- This site is optimized with the Yoast SEO plugin v25.9 - https:\/\/yoast.com\/wordpress\/plugins\/seo\/ -->\n<title>Accueil - HR Lab<\/title>\n<meta name=\"robots\" content=\"noindex, follow, max-snippet:-1, max-image-preview:large, max-video-preview:-1\" \/>\n<meta property=\"og:locale\" content=\"fr_FR\" \/>\n<meta property=\"og:type\" content=\"article\" \/>\n<meta property=\"og:title\" content=\"Accueil - HR Lab\" \/>\n<meta property=\"og:description\" content=\"HR Lab est une association sans but lucratif fond\u00e9e en 1980 sous le nom de \u00ab Laboratoire d\u2019Entreprises \u2013 Ondernemingslabo [&hellip;]\" \/>\n<meta property=\"og:url\" content=\"https:\/\/hrlab.abako.be\/fr\/\" \/>\n<meta property=\"og:site_name\" content=\"HR Lab\" \/>\n<meta property=\"article:modified_time\" content=\"2026-01-08T13:53:34+00:00\" \/>\n<meta property=\"og:image\" content=\"https:\/\/hrlab.abako.be\/wp-content\/uploads\/2023\/09\/logo_hrlab_new.png\" \/>\n\t<meta property=\"og:image:width\" content=\"2590\" \/>\n\t<meta property=\"og:image:height\" content=\"1844\" \/>\n\t<meta property=\"og:image:type\" content=\"image\/png\" \/>\n<meta name=\"twitter:card\" content=\"summary_large_image\" \/>\n<meta name=\"twitter:label1\" content=\"Dur\u00e9e de lecture estim\u00e9e\" \/>\n\t<meta name=\"twitter:data1\" content=\"2 minutes\" \/>\n<script type=\"application\/ld+json\" class=\"yoast-schema-graph\">{\"@context\":\"https:\/\/schema.org\",\"@graph\":[{\"@type\":\"WebPage\",\"@id\":\"https:\/\/hrlab.abako.be\/fr\/\",\"url\":\"https:\/\/hrlab.abako.be\/fr\/\",\"name\":\"Accueil - HR Lab\",\"isPartOf\":{\"@id\":\"https:\/\/hrlab.abako.be\/fr\/#website\"},\"primaryImageOfPage\":{\"@id\":\"https:\/\/hrlab.abako.be\/fr\/#primaryimage\"},\"image\":{\"@id\":\"https:\/\/hrlab.abako.be\/fr\/#primaryimage\"},\"thumbnailUrl\":\"https:\/\/hrlab.abako.be\/wp-content\/uploads\/2023\/09\/logo_hrlab_new-1024x729.png\",\"datePublished\":\"2023-09-27T07:14:56+00:00\",\"dateModified\":\"2026-01-08T13:53:34+00:00\",\"breadcrumb\":{\"@id\":\"https:\/\/hrlab.abako.be\/fr\/#breadcrumb\"},\"inLanguage\":\"fr-FR\",\"potentialAction\":[{\"@type\":\"ReadAction\",\"target\":[\"https:\/\/hrlab.abako.be\/fr\/\"]}]},{\"@type\":\"ImageObject\",\"inLanguage\":\"fr-FR\",\"@id\":\"https:\/\/hrlab.abako.be\/fr\/#primaryimage\",\"url\":\"https:\/\/hrlab.abako.be\/wp-content\/uploads\/2023\/09\/logo_hrlab_new-1024x729.png\",\"contentUrl\":\"https:\/\/hrlab.abako.be\/wp-content\/uploads\/2023\/09\/logo_hrlab_new-1024x729.png\"},{\"@type\":\"BreadcrumbList\",\"@id\":\"https:\/\/hrlab.abako.be\/fr\/#breadcrumb\",\"itemListElement\":[{\"@type\":\"ListItem\",\"position\":1,\"name\":\"Home\",\"item\":\"https:\/\/hrlab.abako.be\/fr\/home\/\"},{\"@type\":\"ListItem\",\"position\":2,\"name\":\"Accueil\"}]},{\"@type\":\"WebSite\",\"@id\":\"https:\/\/hrlab.abako.be\/fr\/#website\",\"url\":\"https:\/\/hrlab.abako.be\/fr\/\",\"name\":\"HR Lab\",\"description\":\"\",\"publisher\":{\"@id\":\"https:\/\/hrlab.abako.be\/fr\/#organization\"},\"potentialAction\":[{\"@type\":\"SearchAction\",\"target\":{\"@type\":\"EntryPoint\",\"urlTemplate\":\"https:\/\/hrlab.abako.be\/fr\/?s={search_term_string}\"},\"query-input\":{\"@type\":\"PropertyValueSpecification\",\"valueRequired\":true,\"valueName\":\"search_term_string\"}}],\"inLanguage\":\"fr-FR\"},{\"@type\":\"Organization\",\"@id\":\"https:\/\/hrlab.abako.be\/fr\/#organization\",\"name\":\"HR Lab\",\"url\":\"https:\/\/hrlab.abako.be\/fr\/\",\"logo\":{\"@type\":\"ImageObject\",\"inLanguage\":\"fr-FR\",\"@id\":\"https:\/\/hrlab.abako.be\/fr\/#\/schema\/logo\/image\/\",\"url\":\"https:\/\/hrlab.abako.be\/wp-content\/uploads\/2023\/09\/logo_hrlab_new.png\",\"contentUrl\":\"https:\/\/hrlab.abako.be\/wp-content\/uploads\/2023\/09\/logo_hrlab_new.png\",\"width\":2590,\"height\":1844,\"caption\":\"HR Lab\"},\"image\":{\"@id\":\"https:\/\/hrlab.abako.be\/fr\/#\/schema\/logo\/image\/\"}}]}<\/script>\n<!-- \/ Yoast SEO plugin. -->","yoast_head_json":{"title":"Accueil - HR Lab","robots":{"index":"noindex","follow":"follow","max-snippet":"max-snippet:-1","max-image-preview":"max-image-preview:large","max-video-preview":"max-video-preview:-1"},"og_locale":"fr_FR","og_type":"article","og_title":"Accueil - HR Lab","og_description":"HR Lab est une association sans but lucratif fond\u00e9e en 1980 sous le nom de \u00ab Laboratoire d\u2019Entreprises \u2013 Ondernemingslabo [&hellip;]","og_url":"https:\/\/hrlab.abako.be\/fr\/","og_site_name":"HR Lab","article_modified_time":"2026-01-08T13:53:34+00:00","og_image":[{"width":2590,"height":1844,"url":"https:\/\/hrlab.abako.be\/wp-content\/uploads\/2023\/09\/logo_hrlab_new.png","type":"image\/png"}],"twitter_card":"summary_large_image","twitter_misc":{"Dur\u00e9e de lecture estim\u00e9e":"2 minutes"},"schema":{"@context":"https:\/\/schema.org","@graph":[{"@type":"WebPage","@id":"https:\/\/hrlab.abako.be\/fr\/","url":"https:\/\/hrlab.abako.be\/fr\/","name":"Accueil - HR Lab","isPartOf":{"@id":"https:\/\/hrlab.abako.be\/fr\/#website"},"primaryImageOfPage":{"@id":"https:\/\/hrlab.abako.be\/fr\/#primaryimage"},"image":{"@id":"https:\/\/hrlab.abako.be\/fr\/#primaryimage"},"thumbnailUrl":"https:\/\/hrlab.abako.be\/wp-content\/uploads\/2023\/09\/logo_hrlab_new-1024x729.png","datePublished":"2023-09-27T07:14:56+00:00","dateModified":"2026-01-08T13:53:34+00:00","breadcrumb":{"@id":"https:\/\/hrlab.abako.be\/fr\/#breadcrumb"},"inLanguage":"fr-FR","potentialAction":[{"@type":"ReadAction","target":["https:\/\/hrlab.abako.be\/fr\/"]}]},{"@type":"ImageObject","inLanguage":"fr-FR","@id":"https:\/\/hrlab.abako.be\/fr\/#primaryimage","url":"https:\/\/hrlab.abako.be\/wp-content\/uploads\/2023\/09\/logo_hrlab_new-1024x729.png","contentUrl":"https:\/\/hrlab.abako.be\/wp-content\/uploads\/2023\/09\/logo_hrlab_new-1024x729.png"},{"@type":"BreadcrumbList","@id":"https:\/\/hrlab.abako.be\/fr\/#breadcrumb","itemListElement":[{"@type":"ListItem","position":1,"name":"Home","item":"https:\/\/hrlab.abako.be\/fr\/home\/"},{"@type":"ListItem","position":2,"name":"Accueil"}]},{"@type":"WebSite","@id":"https:\/\/hrlab.abako.be\/fr\/#website","url":"https:\/\/hrlab.abako.be\/fr\/","name":"HR Lab","description":"","publisher":{"@id":"https:\/\/hrlab.abako.be\/fr\/#organization"},"potentialAction":[{"@type":"SearchAction","target":{"@type":"EntryPoint","urlTemplate":"https:\/\/hrlab.abako.be\/fr\/?s={search_term_string}"},"query-input":{"@type":"PropertyValueSpecification","valueRequired":true,"valueName":"search_term_string"}}],"inLanguage":"fr-FR"},{"@type":"Organization","@id":"https:\/\/hrlab.abako.be\/fr\/#organization","name":"HR Lab","url":"https:\/\/hrlab.abako.be\/fr\/","logo":{"@type":"ImageObject","inLanguage":"fr-FR","@id":"https:\/\/hrlab.abako.be\/fr\/#\/schema\/logo\/image\/","url":"https:\/\/hrlab.abako.be\/wp-content\/uploads\/2023\/09\/logo_hrlab_new.png","contentUrl":"https:\/\/hrlab.abako.be\/wp-content\/uploads\/2023\/09\/logo_hrlab_new.png","width":2590,"height":1844,"caption":"HR Lab"},"image":{"@id":"https:\/\/hrlab.abako.be\/fr\/#\/schema\/logo\/image\/"}}]}},"_links":{"self":[{"href":"https:\/\/hrlab.abako.be\/fr\/wp-json\/wp\/v2\/pages\/1508","targetHints":{"allow":["GET"]}}],"collection":[{"href":"https:\/\/hrlab.abako.be\/fr\/wp-json\/wp\/v2\/pages"}],"about":[{"href":"https:\/\/hrlab.abako.be\/fr\/wp-json\/wp\/v2\/types\/page"}],"author":[{"embeddable":true,"href":"https:\/\/hrlab.abako.be\/fr\/wp-json\/wp\/v2\/users\/1"}],"replies":[{"embeddable":true,"href":"https:\/\/hrlab.abako.be\/fr\/wp-json\/wp\/v2\/comments?post=1508"}],"version-history":[{"count":9,"href":"https:\/\/hrlab.abako.be\/fr\/wp-json\/wp\/v2\/pages\/1508\/revisions"}],"predecessor-version":[{"id":2004,"href":"https:\/\/hrlab.abako.be\/fr\/wp-json\/wp\/v2\/pages\/1508\/revisions\/2004"}],"wp:attachment":[{"href":"https:\/\/hrlab.abako.be\/fr\/wp-json\/wp\/v2\/media?parent=1508"}],"curies":[{"name":"wp","href":"https:\/\/api.w.org\/{rel}","templated":true}]}}