{"id":1570,"date":"2023-09-28T12:49:55","date_gmt":"2023-09-28T10:49:55","guid":{"rendered":"https:\/\/hrlab.abako.be\/contact\/"},"modified":"2025-12-17T16:37:19","modified_gmt":"2025-12-17T15:37:19","slug":"contact","status":"publish","type":"page","link":"https:\/\/hrlab.abako.be\/fr\/contact\/","title":{"rendered":"Contact"},"content":{"rendered":"\t\t<div data-elementor-type=\"wp-page\" data-elementor-id=\"1570\" class=\"elementor elementor-1570 elementor-1472\" data-elementor-post-type=\"page\">\n\t\t\t\t<div class=\"elementor-element elementor-element-3ba7dd7 e-flex e-con-boxed e-con e-parent\" data-id=\"3ba7dd7\" data-element_type=\"container\">\n\t\t\t\t\t<div class=\"e-con-inner\">\n\t\t\t\t<div class=\"elementor-element elementor-element-11e05de elementor-widget elementor-widget-heading\" data-id=\"11e05de\" data-element_type=\"widget\" data-widget_type=\"heading.default\">\n\t\t\t\t<div class=\"elementor-widget-container\">\n\t\t\t\t\t<h1 class=\"elementor-heading-title elementor-size-default\">Contacter HR Lab<\/h1>\t\t\t\t<\/div>\n\t\t\t\t<\/div>\n\t\t\t\t<div class=\"elementor-element elementor-element-2faa920 elementor-widget__width-initial elementor-widget elementor-widget-text-editor\" data-id=\"2faa920\" data-element_type=\"widget\" data-widget_type=\"text-editor.default\">\n\t\t\t\t<div class=\"elementor-widget-container\">\n\t\t\t\t\t\t\t\t\t<p>Pour toute information concernant notre fonctionnement ou votre adh\u00e9sion \u00e0 HR Lab, envoyez un e-mail \u00e0 info@hrlab.be ou remplissez le formulaire ci-dessous.<\/p>\t\t\t\t\t\t\t\t<\/div>\n\t\t\t\t<\/div>\n\t\t\t\t\t<\/div>\n\t\t\t\t<\/div>\n\t\t<div class=\"elementor-element elementor-element-4b20849 e-flex e-con-boxed e-con e-parent\" data-id=\"4b20849\" data-element_type=\"container\">\n\t\t\t\t\t<div class=\"e-con-inner\">\n\t\t\t\t<div class=\"elementor-element elementor-element-2aad147 elementor-widget elementor-widget-shortcode\" data-id=\"2aad147\" data-element_type=\"widget\" data-widget_type=\"shortcode.default\">\n\t\t\t\t<div class=\"elementor-widget-container\">\n\t\t\t\t\t\t\t<div class=\"elementor-shortcode\"><div class=\"forminator-ui forminator-custom-form forminator-custom-form-1975 forminator-design--flat  forminator_ajax\" data-forminator-render=\"0\" data-form=\"forminator-module-1975\" data-uid=\"6a005d44a95ba\"><br\/><\/div><form\n\t\t\t\tid=\"forminator-module-1975\"\n\t\t\t\tclass=\"forminator-ui forminator-custom-form forminator-custom-form-1975 forminator-design--flat  forminator_ajax\"\n\t\t\t\tmethod=\"post\"\n\t\t\t\tdata-forminator-render=\"0\"\n\t\t\t\tdata-form-id=\"1975\"\n\t\t\t\t\n\t\t\t\tdata-design=\"flat\"\n\t\t\t\tdata-color-option=\"default\"\n\t\t\t\t\n\t\t\t\t\n\t\t\t\t\n\t\t\t\tdata-grid=\"open\"\n\t\t\t\t\n\t\t\t\t\n\t\t\t\tstyle=\"display: none;\"\n\t\t\t\t\n\t\t\t\tdata-uid=\"6a005d44a95ba\"\n\t\t\t><div role=\"alert\" aria-live=\"polite\" class=\"forminator-response-message forminator-error\" aria-hidden=\"true\"><\/div><div class=\"forminator-row\"><div id=\"name-1\" class=\"forminator-field-name forminator-col forminator-col-12 \"><div class=\"forminator-field\"><label for=\"forminator-field-name-1_6a005d44a95ba\" id=\"forminator-field-name-1_6a005d44a95ba-label\" class=\"forminator-label\">Pr\u00e9nom et nom <span class=\"forminator-required\">*<\/span><\/label><input type=\"text\" name=\"name-1\" value=\"\" placeholder=\"\" id=\"forminator-field-name-1_6a005d44a95ba\" class=\"forminator-input forminator-name--field\" aria-required=\"true\" \/><\/div><\/div><\/div><div class=\"forminator-row\"><div id=\"email-1\" class=\"forminator-field-email forminator-col forminator-col-12 \"><div class=\"forminator-field\"><label for=\"forminator-field-email-1_6a005d44a95ba\" id=\"forminator-field-email-1_6a005d44a95ba-label\" class=\"forminator-label\">Adresse e-mail <span class=\"forminator-required\">*<\/span><\/label><input type=\"email\" name=\"email-1\" value=\"\" placeholder=\"\" id=\"forminator-field-email-1_6a005d44a95ba\" class=\"forminator-input forminator-email--field\" data-required=\"true\" aria-required=\"true\" \/><\/div><\/div><\/div><div class=\"forminator-row\"><div id=\"phone-1\" class=\"forminator-field-phone forminator-col forminator-col-12 \"><div class=\"forminator-field\"><label for=\"forminator-field-phone-1_6a005d44a95ba\" id=\"forminator-field-phone-1_6a005d44a95ba-label\" class=\"forminator-label\">Num\u00e9ro de t\u00e9l\u00e9phone<\/label><input type=\"text\" name=\"phone-1\" value=\"\" placeholder=\"\" id=\"forminator-field-phone-1_6a005d44a95ba\" class=\"forminator-input forminator-field--phone\" data-required=\"\" aria-required=\"false\" autocomplete=\"off\" \/><\/div><\/div><\/div><div class=\"forminator-row\"><div id=\"textarea-1\" class=\"forminator-field-textarea forminator-col forminator-col-12 \"><div class=\"forminator-field\"><label for=\"forminator-field-textarea-1_6a005d44a95ba\" id=\"forminator-field-textarea-1_6a005d44a95ba-label\" class=\"forminator-label\">Message <span class=\"forminator-required\">*<\/span><\/label><textarea name=\"textarea-1\" placeholder=\"\" id=\"forminator-field-textarea-1_6a005d44a95ba\" class=\"forminator-textarea\" rows=\"6\" style=\"min-height:140px;\" ><\/textarea><\/div><\/div><\/div><div class=\"forminator-row\"><div id=\"captcha-1\" class=\"forminator-field-captcha forminator-col forminator-col-12 \"><div class=\"forminator-captcha-left forminator-g-recaptcha recaptcha-invisible\" data-theme=\"light\" data-badge=\"bottomright\" data-sitekey=\"6Lcfzl0oAAAAAJdXl_KGdh8T7DGvmtWCOPmg5jvC\" data-size=\"invisible\"><\/div> <\/div><\/div><input type=\"hidden\" name=\"referer_url\" value=\"\" \/><div class=\"forminator-row forminator-row-last\"><div class=\"forminator-col\"><div class=\"forminator-field\"><button class=\"forminator-button forminator-button-submit\">Envoyer<\/button><\/div><\/div><\/div><input type=\"hidden\" id=\"forminator_nonce\" name=\"forminator_nonce\" value=\"701f7630b1\" \/><input type=\"hidden\" name=\"_wp_http_referer\" value=\"\/fr\/wp-json\/wp\/v2\/pages\/1570\" \/><input type=\"hidden\" name=\"form_id\" value=\"1975\"><input type=\"hidden\" name=\"page_id\" value=\"1570\"><input type=\"hidden\" name=\"form_type\" value=\"default\"><input type=\"hidden\" name=\"current_url\" value=\"https:\/\/hrlab.abako.be\/fr\/contact\/\"><input type=\"hidden\" name=\"render_id\" value=\"0\"><input type=\"hidden\" name=\"action\" value=\"forminator_submit_form_custom-forms\"><\/form><\/div>\n\t\t\t\t\t\t<\/div>\n\t\t\t\t<\/div>\n\t\t\t\t\t<\/div>\n\t\t\t\t<\/div>\n\t\t\t\t<\/div>\n\t\t","protected":false},"excerpt":{"rendered":"Contacter HR Lab Pour toute information concernant notre fonctionnement ou votre adh\u00e9sion \u00e0 HR Lab, envoyez un e-mail \u00e0 info@hrlab.be...","protected":false},"author":1,"featured_media":0,"parent":0,"menu_order":0,"comment_status":"closed","ping_status":"closed","template":"","meta":{"_bbp_topic_count":0,"_bbp_reply_count":0,"_bbp_total_topic_count":0,"_bbp_total_reply_count":0,"_bbp_voice_count":0,"_bbp_anonymous_reply_count":0,"_bbp_topic_count_hidden":0,"_bbp_reply_count_hidden":0,"_bbp_forum_subforum_count":0,"footnotes":""},"class_list":["post-1570","page","type-page","status-publish","hentry"],"yoast_head":"<!-- This site is optimized with the Yoast SEO plugin v25.9 - https:\/\/yoast.com\/wordpress\/plugins\/seo\/ -->\n<title>Contact - HR Lab<\/title>\n<meta name=\"robots\" content=\"noindex, follow, max-snippet:-1, max-image-preview:large, max-video-preview:-1\" \/>\n<meta property=\"og:locale\" content=\"fr_FR\" \/>\n<meta property=\"og:type\" content=\"article\" \/>\n<meta property=\"og:title\" content=\"Contact - HR Lab\" \/>\n<meta property=\"og:description\" content=\"Contacter HR Lab Pour toute information concernant notre fonctionnement ou votre adh\u00e9sion \u00e0 HR Lab, envoyez un e-mail \u00e0 info@hrlab.be [&hellip;]\" \/>\n<meta property=\"og:url\" content=\"https:\/\/hrlab.abako.be\/fr\/contact\/\" \/>\n<meta property=\"og:site_name\" content=\"HR Lab\" \/>\n<meta property=\"article:modified_time\" content=\"2025-12-17T15:37:19+00:00\" \/>\n<meta name=\"twitter:card\" content=\"summary_large_image\" \/>\n<script type=\"application\/ld+json\" class=\"yoast-schema-graph\">{\"@context\":\"https:\/\/schema.org\",\"@graph\":[{\"@type\":\"WebPage\",\"@id\":\"https:\/\/hrlab.abako.be\/fr\/contact\/\",\"url\":\"https:\/\/hrlab.abako.be\/fr\/contact\/\",\"name\":\"Contact - HR Lab\",\"isPartOf\":{\"@id\":\"https:\/\/hrlab.abako.be\/fr\/#website\"},\"datePublished\":\"2023-09-28T10:49:55+00:00\",\"dateModified\":\"2025-12-17T15:37:19+00:00\",\"breadcrumb\":{\"@id\":\"https:\/\/hrlab.abako.be\/fr\/contact\/#breadcrumb\"},\"inLanguage\":\"fr-FR\",\"potentialAction\":[{\"@type\":\"ReadAction\",\"target\":[\"https:\/\/hrlab.abako.be\/fr\/contact\/\"]}]},{\"@type\":\"BreadcrumbList\",\"@id\":\"https:\/\/hrlab.abako.be\/fr\/contact\/#breadcrumb\",\"itemListElement\":[{\"@type\":\"ListItem\",\"position\":1,\"name\":\"Home\",\"item\":\"https:\/\/hrlab.abako.be\/fr\/home\/\"},{\"@type\":\"ListItem\",\"position\":2,\"name\":\"Contact\"}]},{\"@type\":\"WebSite\",\"@id\":\"https:\/\/hrlab.abako.be\/fr\/#website\",\"url\":\"https:\/\/hrlab.abako.be\/fr\/\",\"name\":\"HR Lab\",\"description\":\"\",\"publisher\":{\"@id\":\"https:\/\/hrlab.abako.be\/fr\/#organization\"},\"potentialAction\":[{\"@type\":\"SearchAction\",\"target\":{\"@type\":\"EntryPoint\",\"urlTemplate\":\"https:\/\/hrlab.abako.be\/fr\/?s={search_term_string}\"},\"query-input\":{\"@type\":\"PropertyValueSpecification\",\"valueRequired\":true,\"valueName\":\"search_term_string\"}}],\"inLanguage\":\"fr-FR\"},{\"@type\":\"Organization\",\"@id\":\"https:\/\/hrlab.abako.be\/fr\/#organization\",\"name\":\"HR Lab\",\"url\":\"https:\/\/hrlab.abako.be\/fr\/\",\"logo\":{\"@type\":\"ImageObject\",\"inLanguage\":\"fr-FR\",\"@id\":\"https:\/\/hrlab.abako.be\/fr\/#\/schema\/logo\/image\/\",\"url\":\"https:\/\/hrlab.abako.be\/wp-content\/uploads\/2023\/09\/logo_hrlab_new.png\",\"contentUrl\":\"https:\/\/hrlab.abako.be\/wp-content\/uploads\/2023\/09\/logo_hrlab_new.png\",\"width\":2590,\"height\":1844,\"caption\":\"HR Lab\"},\"image\":{\"@id\":\"https:\/\/hrlab.abako.be\/fr\/#\/schema\/logo\/image\/\"}}]}<\/script>\n<!-- \/ Yoast SEO plugin. -->","yoast_head_json":{"title":"Contact - HR Lab","robots":{"index":"noindex","follow":"follow","max-snippet":"max-snippet:-1","max-image-preview":"max-image-preview:large","max-video-preview":"max-video-preview:-1"},"og_locale":"fr_FR","og_type":"article","og_title":"Contact - HR Lab","og_description":"Contacter HR Lab Pour toute information concernant notre fonctionnement ou votre adh\u00e9sion \u00e0 HR Lab, envoyez un e-mail \u00e0 info@hrlab.be [&hellip;]","og_url":"https:\/\/hrlab.abako.be\/fr\/contact\/","og_site_name":"HR Lab","article_modified_time":"2025-12-17T15:37:19+00:00","twitter_card":"summary_large_image","schema":{"@context":"https:\/\/schema.org","@graph":[{"@type":"WebPage","@id":"https:\/\/hrlab.abako.be\/fr\/contact\/","url":"https:\/\/hrlab.abako.be\/fr\/contact\/","name":"Contact - HR Lab","isPartOf":{"@id":"https:\/\/hrlab.abako.be\/fr\/#website"},"datePublished":"2023-09-28T10:49:55+00:00","dateModified":"2025-12-17T15:37:19+00:00","breadcrumb":{"@id":"https:\/\/hrlab.abako.be\/fr\/contact\/#breadcrumb"},"inLanguage":"fr-FR","potentialAction":[{"@type":"ReadAction","target":["https:\/\/hrlab.abako.be\/fr\/contact\/"]}]},{"@type":"BreadcrumbList","@id":"https:\/\/hrlab.abako.be\/fr\/contact\/#breadcrumb","itemListElement":[{"@type":"ListItem","position":1,"name":"Home","item":"https:\/\/hrlab.abako.be\/fr\/home\/"},{"@type":"ListItem","position":2,"name":"Contact"}]},{"@type":"WebSite","@id":"https:\/\/hrlab.abako.be\/fr\/#website","url":"https:\/\/hrlab.abako.be\/fr\/","name":"HR Lab","description":"","publisher":{"@id":"https:\/\/hrlab.abako.be\/fr\/#organization"},"potentialAction":[{"@type":"SearchAction","target":{"@type":"EntryPoint","urlTemplate":"https:\/\/hrlab.abako.be\/fr\/?s={search_term_string}"},"query-input":{"@type":"PropertyValueSpecification","valueRequired":true,"valueName":"search_term_string"}}],"inLanguage":"fr-FR"},{"@type":"Organization","@id":"https:\/\/hrlab.abako.be\/fr\/#organization","name":"HR Lab","url":"https:\/\/hrlab.abako.be\/fr\/","logo":{"@type":"ImageObject","inLanguage":"fr-FR","@id":"https:\/\/hrlab.abako.be\/fr\/#\/schema\/logo\/image\/","url":"https:\/\/hrlab.abako.be\/wp-content\/uploads\/2023\/09\/logo_hrlab_new.png","contentUrl":"https:\/\/hrlab.abako.be\/wp-content\/uploads\/2023\/09\/logo_hrlab_new.png","width":2590,"height":1844,"caption":"HR Lab"},"image":{"@id":"https:\/\/hrlab.abako.be\/fr\/#\/schema\/logo\/image\/"}}]}},"_links":{"self":[{"href":"https:\/\/hrlab.abako.be\/fr\/wp-json\/wp\/v2\/pages\/1570","targetHints":{"allow":["GET"]}}],"collection":[{"href":"https:\/\/hrlab.abako.be\/fr\/wp-json\/wp\/v2\/pages"}],"about":[{"href":"https:\/\/hrlab.abako.be\/fr\/wp-json\/wp\/v2\/types\/page"}],"author":[{"embeddable":true,"href":"https:\/\/hrlab.abako.be\/fr\/wp-json\/wp\/v2\/users\/1"}],"replies":[{"embeddable":true,"href":"https:\/\/hrlab.abako.be\/fr\/wp-json\/wp\/v2\/comments?post=1570"}],"version-history":[{"count":2,"href":"https:\/\/hrlab.abako.be\/fr\/wp-json\/wp\/v2\/pages\/1570\/revisions"}],"predecessor-version":[{"id":1979,"href":"https:\/\/hrlab.abako.be\/fr\/wp-json\/wp\/v2\/pages\/1570\/revisions\/1979"}],"wp:attachment":[{"href":"https:\/\/hrlab.abako.be\/fr\/wp-json\/wp\/v2\/media?parent=1570"}],"curies":[{"name":"wp","href":"https:\/\/api.w.org\/{rel}","templated":true}]}}