{"id":1586,"date":"2023-09-27T14:55:23","date_gmt":"2023-09-27T12:55:23","guid":{"rendered":"https:\/\/hrlab.abako.be\/talent-lab\/"},"modified":"2023-10-17T15:12:13","modified_gmt":"2023-10-17T14:12:13","slug":"talent-lab","status":"publish","type":"page","link":"https:\/\/hrlab.abako.be\/fr\/talent-lab\/","title":{"rendered":"Talent Lab"},"content":{"rendered":"\t\t<div data-elementor-type=\"wp-page\" data-elementor-id=\"1586\" class=\"elementor elementor-1586 elementor-1352\" data-elementor-post-type=\"page\">\n\t\t\t\t<div class=\"elementor-element elementor-element-6a6b482 e-flex e-con-boxed e-con e-parent\" data-id=\"6a6b482\" data-element_type=\"container\">\n\t\t\t\t\t<div class=\"e-con-inner\">\n\t\t\t\t<div class=\"elementor-element elementor-element-0221e78 elementor-widget elementor-widget-heading\" data-id=\"0221e78\" data-element_type=\"widget\" data-widget_type=\"heading.default\">\n\t\t\t\t<div class=\"elementor-widget-container\">\n\t\t\t\t\t<h1 class=\"elementor-heading-title elementor-size-default\">Talent Lab<\/h1>\t\t\t\t<\/div>\n\t\t\t\t<\/div>\n\t\t\t\t<div class=\"elementor-element elementor-element-3f50e6a elementor-widget__width-initial elementor-widget elementor-widget-text-editor\" data-id=\"3f50e6a\" data-element_type=\"widget\" data-widget_type=\"text-editor.default\">\n\t\t\t\t<div class=\"elementor-widget-container\">\n\t\t\t\t\t\t\t\t\t<p>On pourrait consid\u00e9rer le Talent Lab comme un spin-off du HR Lab.<\/p>\n<p>Le Talent Lab a \u00e9t\u00e9 sp\u00e9cifiquement con\u00e7u pour les Talent Managers et s\u2019int\u00e9resse aux sujets directement li\u00e9s \u00e0 la gestion des talents \u2013 recrutement, gestion des performances, d\u00e9veloppement du leadership, gestion de la rel\u00e8ve ainsi que, plus r\u00e9cemment, aspects li\u00e9s au bien-\u00eatre et au travail durable. <\/p>\n\t\t\t\t\t\t\t\t<\/div>\n\t\t\t\t<\/div>\n\t\t\t\t\t<\/div>\n\t\t\t\t<\/div>\n\t\t<div class=\"elementor-element elementor-element-a2a15f8 e-flex e-con-boxed e-con e-parent\" data-id=\"a2a15f8\" data-element_type=\"container\" data-settings=\"{&quot;background_background&quot;:&quot;classic&quot;}\">\n\t\t\t\t\t<div class=\"e-con-inner\">\n\t\t<div class=\"elementor-element elementor-element-80f6130 e-con-full e-flex e-con e-child\" data-id=\"80f6130\" data-element_type=\"container\">\n\t\t\t\t<div class=\"elementor-element elementor-element-48b6c4d elementor-widget elementor-widget-heading\" data-id=\"48b6c4d\" data-element_type=\"widget\" data-settings=\"{&quot;_animation&quot;:&quot;none&quot;}\" data-widget_type=\"heading.default\">\n\t\t\t\t<div class=\"elementor-widget-container\">\n\t\t\t\t\t<h2 class=\"elementor-heading-title elementor-size-default\">Organisations membres<\/h2>\t\t\t\t<\/div>\n\t\t\t\t<\/div>\n\t\t\t\t<div class=\"elementor-element elementor-element-192b8ba elementor-widget elementor-widget-text-editor\" data-id=\"192b8ba\" data-element_type=\"widget\" data-widget_type=\"text-editor.default\">\n\t\t\t\t<div class=\"elementor-widget-container\">\n\t\t\t\t\t\t\t\t\t<div id=\"panel-206-3-1-0\" class=\"so-panel widget widget_sow-editor panel-first-child\" data-index=\"2\">\n<div class=\"so-widget-sow-editor so-widget-sow-editor-base\">\n<div class=\"siteorigin-widget-tinymce textwidget\">\n<p>Le Talent Lab est strictement r\u00e9serv\u00e9 aux Talent Managers des organisations membres du HR Lab et les m\u00eames r\u00e8gles s\u2019appliquent en mati\u00e8re de confidentialit\u00e9 et d\u2019\u00e9thique professionnelle. Cette restriction se justifie par le fait que le Talent Lab est financ\u00e9 par les cotisations des membres de HR Lab.<\/p>\n<\/div>\n<\/div>\n<\/div>\n<div id=\"panel-206-3-1-1\" class=\"so-panel widget widget_sow-editor panel-last-child\" data-index=\"3\">\n<div class=\"so-widget-sow-editor so-widget-sow-editor-base\">\n<div class=\"siteorigin-widget-tinymce textwidget\">\n<p>Nous avons pour objectif de former un groupe de 6 \u00e0 10 entreprises, issues de secteurs \u00e9conomiques aussi diversifi\u00e9s que possible. La liste des membres \u00e9volue au rythme de la carri\u00e8re de chacun. C\u2019est pourquoi le Talent Lab se fait un plaisir d\u2019accueillir chaque ann\u00e9e de nouveaux membres.<\/p>\n<\/div>\n<\/div>\n<\/div>\n\t\t\t\t\t\t\t\t<\/div>\n\t\t\t\t<\/div>\n\t\t\t\t<\/div>\n\t\t<div class=\"elementor-element elementor-element-4779582 e-con-full e-flex e-con e-child\" data-id=\"4779582\" data-element_type=\"container\">\n\t\t\t\t<div class=\"elementor-element elementor-element-52ac159 elementor-widget elementor-widget-image\" data-id=\"52ac159\" data-element_type=\"widget\" data-widget_type=\"image.default\">\n\t\t\t\t<div class=\"elementor-widget-container\">\n\t\t\t\t\t\t\t\t\t\t\t\t\t\t\t<img fetchpriority=\"high\" decoding=\"async\" width=\"1024\" height=\"684\" src=\"https:\/\/hrlab.abako.be\/wp-content\/uploads\/2016\/04\/pexels-photo-70292.jpeg\" class=\"attachment-large size-large wp-image-1355\" alt=\"\" srcset=\"https:\/\/hrlab.abako.be\/wp-content\/uploads\/2016\/04\/pexels-photo-70292.jpeg 1024w, https:\/\/hrlab.abako.be\/wp-content\/uploads\/2016\/04\/pexels-photo-70292-300x200.jpeg 300w, https:\/\/hrlab.abako.be\/wp-content\/uploads\/2016\/04\/pexels-photo-70292-768x513.jpeg 768w, https:\/\/hrlab.abako.be\/wp-content\/uploads\/2016\/04\/pexels-photo-70292-272x182.jpeg 272w\" sizes=\"(max-width: 1024px) 100vw, 1024px\" \/>\t\t\t\t\t\t\t\t\t\t\t\t\t\t\t<\/div>\n\t\t\t\t<\/div>\n\t\t\t\t<\/div>\n\t\t\t\t\t<\/div>\n\t\t\t\t<\/div>\n\t\t<div class=\"elementor-element elementor-element-69e034b e-flex e-con-boxed e-con e-parent\" data-id=\"69e034b\" data-element_type=\"container\" data-settings=\"{&quot;background_background&quot;:&quot;classic&quot;}\">\n\t\t\t\t\t<div class=\"e-con-inner\">\n\t\t\t\t<div class=\"elementor-element elementor-element-59b194f elementor-widget elementor-widget-heading\" data-id=\"59b194f\" data-element_type=\"widget\" data-settings=\"{&quot;_animation&quot;:&quot;none&quot;}\" data-widget_type=\"heading.default\">\n\t\t\t\t<div class=\"elementor-widget-container\">\n\t\t\t\t\t<h2 class=\"elementor-heading-title elementor-size-default\">Notre objectifs<\/h2>\t\t\t\t<\/div>\n\t\t\t\t<\/div>\n\t\t\t\t<div class=\"elementor-element elementor-element-3bc54b1 elementor-widget__width-initial elementor-widget elementor-widget-text-editor\" data-id=\"3bc54b1\" data-element_type=\"widget\" data-widget_type=\"text-editor.default\">\n\t\t\t\t<div class=\"elementor-widget-container\">\n\t\t\t\t\t\t\t\t\t<div id=\"panel-7-4-2-0\" class=\"so-panel widget widget_sow-editor panel-first-child\" data-index=\"5\">\n<div class=\"so-widget-sow-editor so-widget-sow-editor-base\">\n<div class=\"siteorigin-widget-tinymce textwidget\">\n<p>Talent Lab s\u2019est fix\u00e9 2 objectifs:<\/p>\n<ol>\n<li>L\u2019\u00e9change d\u2019exp\u00e9riences et de pratiques professionnelles. Cet \u00e9change s\u2019articule habituellement sur un th\u00e8me annuel \u2013 par exemple le travail durable, leadership potential et d\u00e9veloppement, les d\u00e9veloppements r\u00e9cents en mati\u00e8re de gestion de la performance et les syst\u00e8mes logiciels de gestion int\u00e9gr\u00e9e des talents.<\/li>\n<li>L\u2019organisation, une fois par an, d\u2019un \u00e9v\u00e9nement pour les \u2018high potentiels\u2019 des entreprises participantes. Pendant un apr\u00e8s-midi entier, quatre \u00e0 six \u2018top talents\u2019 de chaque entreprise discuteront d&rsquo;un \u2018hot topic\u2019 d\u2019int\u00e9r\u00eat commun. L\u2019intervention d\u2019un orateur renomm\u00e9 sert de point de d\u00e9part aux groupes de discussion inter-entreprises o\u00f9 les participants confronteront leurs points de vue respectifs et rencontreront leurs homologues d\u2019autres secteurs. Parmi les th\u00e9matiques r\u00e9cemment abord\u00e9es, citons notamment \u00ab l\u2019\u00e9thique de la technologie \u00bb, \u00ab les leviers de la productivit\u00e9 en Belgique \u00bb ou encore \u00ab quand le num\u00e9rique devient humain \u00bb.<\/li>\n<\/ol>\n<\/div>\n<\/div>\n<\/div>\n\t\t\t\t\t\t\t\t<\/div>\n\t\t\t\t<\/div>\n\t\t\t\t\t<\/div>\n\t\t\t\t<\/div>\n\t\t\t\t<\/div>\n\t\t","protected":false},"excerpt":{"rendered":"Talent Lab On pourrait consid\u00e9rer le Talent Lab comme un spin-off du HR Lab. Le Talent Lab a \u00e9t\u00e9 sp\u00e9cifiquement...","protected":false},"author":1,"featured_media":0,"parent":0,"menu_order":0,"comment_status":"closed","ping_status":"closed","template":"","meta":{"_bbp_topic_count":0,"_bbp_reply_count":0,"_bbp_total_topic_count":0,"_bbp_total_reply_count":0,"_bbp_voice_count":0,"_bbp_anonymous_reply_count":0,"_bbp_topic_count_hidden":0,"_bbp_reply_count_hidden":0,"_bbp_forum_subforum_count":0,"footnotes":""},"class_list":["post-1586","page","type-page","status-publish","hentry"],"yoast_head":"<!-- This site is optimized with the Yoast SEO plugin v25.9 - https:\/\/yoast.com\/wordpress\/plugins\/seo\/ -->\n<title>Talent Lab - HR Lab<\/title>\n<meta name=\"robots\" content=\"noindex, follow, max-snippet:-1, max-image-preview:large, max-video-preview:-1\" \/>\n<meta property=\"og:locale\" content=\"fr_FR\" \/>\n<meta property=\"og:type\" content=\"article\" \/>\n<meta property=\"og:title\" content=\"Talent Lab - HR Lab\" \/>\n<meta property=\"og:description\" content=\"Talent Lab On pourrait consid\u00e9rer le Talent Lab comme un spin-off du HR Lab. Le Talent Lab a \u00e9t\u00e9 sp\u00e9cifiquement [&hellip;]\" \/>\n<meta property=\"og:url\" content=\"https:\/\/hrlab.abako.be\/fr\/talent-lab\/\" \/>\n<meta property=\"og:site_name\" content=\"HR Lab\" \/>\n<meta property=\"article:modified_time\" content=\"2023-10-17T14:12:13+00:00\" \/>\n<meta property=\"og:image\" content=\"https:\/\/hrlab.abako.be\/wp-content\/uploads\/2016\/04\/pexels-photo-70292.jpeg\" \/>\n<meta name=\"twitter:card\" content=\"summary_large_image\" \/>\n<meta name=\"twitter:label1\" content=\"Dur\u00e9e de lecture estim\u00e9e\" \/>\n\t<meta name=\"twitter:data1\" content=\"2 minutes\" \/>\n<script type=\"application\/ld+json\" class=\"yoast-schema-graph\">{\"@context\":\"https:\/\/schema.org\",\"@graph\":[{\"@type\":\"WebPage\",\"@id\":\"https:\/\/hrlab.abako.be\/fr\/talent-lab\/\",\"url\":\"https:\/\/hrlab.abako.be\/fr\/talent-lab\/\",\"name\":\"Talent Lab - HR Lab\",\"isPartOf\":{\"@id\":\"https:\/\/hrlab.abako.be\/fr\/#website\"},\"primaryImageOfPage\":{\"@id\":\"https:\/\/hrlab.abako.be\/fr\/talent-lab\/#primaryimage\"},\"image\":{\"@id\":\"https:\/\/hrlab.abako.be\/fr\/talent-lab\/#primaryimage\"},\"thumbnailUrl\":\"https:\/\/hrlab.abako.be\/wp-content\/uploads\/2016\/04\/pexels-photo-70292.jpeg\",\"datePublished\":\"2023-09-27T12:55:23+00:00\",\"dateModified\":\"2023-10-17T14:12:13+00:00\",\"breadcrumb\":{\"@id\":\"https:\/\/hrlab.abako.be\/fr\/talent-lab\/#breadcrumb\"},\"inLanguage\":\"fr-FR\",\"potentialAction\":[{\"@type\":\"ReadAction\",\"target\":[\"https:\/\/hrlab.abako.be\/fr\/talent-lab\/\"]}]},{\"@type\":\"ImageObject\",\"inLanguage\":\"fr-FR\",\"@id\":\"https:\/\/hrlab.abako.be\/fr\/talent-lab\/#primaryimage\",\"url\":\"https:\/\/hrlab.abako.be\/wp-content\/uploads\/2016\/04\/pexels-photo-70292.jpeg\",\"contentUrl\":\"https:\/\/hrlab.abako.be\/wp-content\/uploads\/2016\/04\/pexels-photo-70292.jpeg\"},{\"@type\":\"BreadcrumbList\",\"@id\":\"https:\/\/hrlab.abako.be\/fr\/talent-lab\/#breadcrumb\",\"itemListElement\":[{\"@type\":\"ListItem\",\"position\":1,\"name\":\"Home\",\"item\":\"https:\/\/hrlab.abako.be\/fr\/home\/\"},{\"@type\":\"ListItem\",\"position\":2,\"name\":\"Talent Lab\"}]},{\"@type\":\"WebSite\",\"@id\":\"https:\/\/hrlab.abako.be\/fr\/#website\",\"url\":\"https:\/\/hrlab.abako.be\/fr\/\",\"name\":\"HR Lab\",\"description\":\"\",\"publisher\":{\"@id\":\"https:\/\/hrlab.abako.be\/fr\/#organization\"},\"potentialAction\":[{\"@type\":\"SearchAction\",\"target\":{\"@type\":\"EntryPoint\",\"urlTemplate\":\"https:\/\/hrlab.abako.be\/fr\/?s={search_term_string}\"},\"query-input\":{\"@type\":\"PropertyValueSpecification\",\"valueRequired\":true,\"valueName\":\"search_term_string\"}}],\"inLanguage\":\"fr-FR\"},{\"@type\":\"Organization\",\"@id\":\"https:\/\/hrlab.abako.be\/fr\/#organization\",\"name\":\"HR Lab\",\"url\":\"https:\/\/hrlab.abako.be\/fr\/\",\"logo\":{\"@type\":\"ImageObject\",\"inLanguage\":\"fr-FR\",\"@id\":\"https:\/\/hrlab.abako.be\/fr\/#\/schema\/logo\/image\/\",\"url\":\"https:\/\/hrlab.abako.be\/wp-content\/uploads\/2023\/09\/logo_hrlab_new.png\",\"contentUrl\":\"https:\/\/hrlab.abako.be\/wp-content\/uploads\/2023\/09\/logo_hrlab_new.png\",\"width\":2590,\"height\":1844,\"caption\":\"HR Lab\"},\"image\":{\"@id\":\"https:\/\/hrlab.abako.be\/fr\/#\/schema\/logo\/image\/\"}}]}<\/script>\n<!-- \/ Yoast SEO plugin. -->","yoast_head_json":{"title":"Talent Lab - HR Lab","robots":{"index":"noindex","follow":"follow","max-snippet":"max-snippet:-1","max-image-preview":"max-image-preview:large","max-video-preview":"max-video-preview:-1"},"og_locale":"fr_FR","og_type":"article","og_title":"Talent Lab - HR Lab","og_description":"Talent Lab On pourrait consid\u00e9rer le Talent Lab comme un spin-off du HR Lab. Le Talent Lab a \u00e9t\u00e9 sp\u00e9cifiquement [&hellip;]","og_url":"https:\/\/hrlab.abako.be\/fr\/talent-lab\/","og_site_name":"HR Lab","article_modified_time":"2023-10-17T14:12:13+00:00","og_image":[{"url":"https:\/\/hrlab.abako.be\/wp-content\/uploads\/2016\/04\/pexels-photo-70292.jpeg","type":"","width":"","height":""}],"twitter_card":"summary_large_image","twitter_misc":{"Dur\u00e9e de lecture estim\u00e9e":"2 minutes"},"schema":{"@context":"https:\/\/schema.org","@graph":[{"@type":"WebPage","@id":"https:\/\/hrlab.abako.be\/fr\/talent-lab\/","url":"https:\/\/hrlab.abako.be\/fr\/talent-lab\/","name":"Talent Lab - HR Lab","isPartOf":{"@id":"https:\/\/hrlab.abako.be\/fr\/#website"},"primaryImageOfPage":{"@id":"https:\/\/hrlab.abako.be\/fr\/talent-lab\/#primaryimage"},"image":{"@id":"https:\/\/hrlab.abako.be\/fr\/talent-lab\/#primaryimage"},"thumbnailUrl":"https:\/\/hrlab.abako.be\/wp-content\/uploads\/2016\/04\/pexels-photo-70292.jpeg","datePublished":"2023-09-27T12:55:23+00:00","dateModified":"2023-10-17T14:12:13+00:00","breadcrumb":{"@id":"https:\/\/hrlab.abako.be\/fr\/talent-lab\/#breadcrumb"},"inLanguage":"fr-FR","potentialAction":[{"@type":"ReadAction","target":["https:\/\/hrlab.abako.be\/fr\/talent-lab\/"]}]},{"@type":"ImageObject","inLanguage":"fr-FR","@id":"https:\/\/hrlab.abako.be\/fr\/talent-lab\/#primaryimage","url":"https:\/\/hrlab.abako.be\/wp-content\/uploads\/2016\/04\/pexels-photo-70292.jpeg","contentUrl":"https:\/\/hrlab.abako.be\/wp-content\/uploads\/2016\/04\/pexels-photo-70292.jpeg"},{"@type":"BreadcrumbList","@id":"https:\/\/hrlab.abako.be\/fr\/talent-lab\/#breadcrumb","itemListElement":[{"@type":"ListItem","position":1,"name":"Home","item":"https:\/\/hrlab.abako.be\/fr\/home\/"},{"@type":"ListItem","position":2,"name":"Talent Lab"}]},{"@type":"WebSite","@id":"https:\/\/hrlab.abako.be\/fr\/#website","url":"https:\/\/hrlab.abako.be\/fr\/","name":"HR Lab","description":"","publisher":{"@id":"https:\/\/hrlab.abako.be\/fr\/#organization"},"potentialAction":[{"@type":"SearchAction","target":{"@type":"EntryPoint","urlTemplate":"https:\/\/hrlab.abako.be\/fr\/?s={search_term_string}"},"query-input":{"@type":"PropertyValueSpecification","valueRequired":true,"valueName":"search_term_string"}}],"inLanguage":"fr-FR"},{"@type":"Organization","@id":"https:\/\/hrlab.abako.be\/fr\/#organization","name":"HR Lab","url":"https:\/\/hrlab.abako.be\/fr\/","logo":{"@type":"ImageObject","inLanguage":"fr-FR","@id":"https:\/\/hrlab.abako.be\/fr\/#\/schema\/logo\/image\/","url":"https:\/\/hrlab.abako.be\/wp-content\/uploads\/2023\/09\/logo_hrlab_new.png","contentUrl":"https:\/\/hrlab.abako.be\/wp-content\/uploads\/2023\/09\/logo_hrlab_new.png","width":2590,"height":1844,"caption":"HR Lab"},"image":{"@id":"https:\/\/hrlab.abako.be\/fr\/#\/schema\/logo\/image\/"}}]}},"_links":{"self":[{"href":"https:\/\/hrlab.abako.be\/fr\/wp-json\/wp\/v2\/pages\/1586","targetHints":{"allow":["GET"]}}],"collection":[{"href":"https:\/\/hrlab.abako.be\/fr\/wp-json\/wp\/v2\/pages"}],"about":[{"href":"https:\/\/hrlab.abako.be\/fr\/wp-json\/wp\/v2\/types\/page"}],"author":[{"embeddable":true,"href":"https:\/\/hrlab.abako.be\/fr\/wp-json\/wp\/v2\/users\/1"}],"replies":[{"embeddable":true,"href":"https:\/\/hrlab.abako.be\/fr\/wp-json\/wp\/v2\/comments?post=1586"}],"version-history":[{"count":1,"href":"https:\/\/hrlab.abako.be\/fr\/wp-json\/wp\/v2\/pages\/1586\/revisions"}],"predecessor-version":[{"id":1587,"href":"https:\/\/hrlab.abako.be\/fr\/wp-json\/wp\/v2\/pages\/1586\/revisions\/1587"}],"wp:attachment":[{"href":"https:\/\/hrlab.abako.be\/fr\/wp-json\/wp\/v2\/media?parent=1586"}],"curies":[{"name":"wp","href":"https:\/\/api.w.org\/{rel}","templated":true}]}}